{"id":79,"date":"2018-08-26T21:35:05","date_gmt":"2018-08-26T19:35:05","guid":{"rendered":"https:\/\/amigo111.eu\/?page_id=79"},"modified":"2022-12-30T02:20:54","modified_gmt":"2022-12-30T01:20:54","slug":"informacie","status":"publish","type":"page","link":"https:\/\/amigo111.eu\/index.php\/informacie\/","title":{"rendered":"Inform\u00e1cie"},"content":{"rendered":"<h5><strong>D\u00f4le\u017eit\u00e9! Ur\u010dite pre\u010d\u00edta\u0165:\u00a0<\/strong><a href=\"https:\/\/amigo111.eu\/wp-content\/uploads\/2018\/08\/Povolenie-SK.pdf\">Povolenie SK<\/a><\/h5>\n<p><img loading=\"lazy\" decoding=\"async\" src=\"https:\/\/amigo111.eu\/wp-content\/uploads\/2022\/12\/Blah2-QSL.png\" alt=\"\" width=\"2163\" height=\"1334\" class=\"alignnone size-full wp-image-460\" srcset=\"https:\/\/amigo111.eu\/wp-content\/uploads\/2022\/12\/Blah2-QSL.png 2163w, https:\/\/amigo111.eu\/wp-content\/uploads\/2022\/12\/Blah2-QSL-300x185.png 300w, https:\/\/amigo111.eu\/wp-content\/uploads\/2022\/12\/Blah2-QSL-1024x632.png 1024w, https:\/\/amigo111.eu\/wp-content\/uploads\/2022\/12\/Blah2-QSL-768x474.png 768w, https:\/\/amigo111.eu\/wp-content\/uploads\/2022\/12\/Blah2-QSL-1536x947.png 1536w, https:\/\/amigo111.eu\/wp-content\/uploads\/2022\/12\/Blah2-QSL-2048x1263.png 2048w\" sizes=\"(max-width: 2163px) 100vw, 2163px\" \/><\/p>\n<h5><strong>\u010eal\u0161ie zauj\u00edmav\u00e9 inform\u00e1cie:<\/strong><\/h5>\n<p><a href=\"https:\/\/amigo111.eu\/wp-content\/uploads\/2018\/08\/WASmap_Color.pdf\">WASmap_Color<\/a><br \/>\n<a href=\"https:\/\/amigo111.eu\/wp-content\/uploads\/2018\/08\/ham-mapping.pdf\">ham mapping<\/a><br \/>\n<a href=\"https:\/\/amigo111.eu\/wp-content\/uploads\/2018\/08\/2013_itu_cq_worldmaps.pdf\">2013_itu_cq_worldmaps<\/a><br \/>\n<a href=\"https:\/\/amigo111.eu\/wp-content\/uploads\/2018\/08\/BandPlan-28Mhz.xlsx\">BandPlan 28Mhz<\/a> <a href=\"https:\/\/amigo111.eu\/wp-content\/uploads\/2018\/08\/CB-Konvertor.pdf\"><\/a><br \/>\n<a href=\"https:\/\/amigo111.eu\/wp-content\/uploads\/2018\/08\/CB-Konvertor.pdf\">CB Konvertor<\/a> <a href=\"https:\/\/amigo111.eu\/wp-content\/uploads\/2018\/08\/EH-ant\u00e9na-pre-CB-p\u00e1smo.pdf\"><\/a><br \/>\n<a href=\"https:\/\/amigo111.eu\/wp-content\/uploads\/2018\/08\/EH-ant\u00e9na-pre-CB-p\u00e1smo.pdf\">EH ant\u00e9na pre CB p\u00e1smo<\/a> <a href=\"https:\/\/amigo111.eu\/wp-content\/uploads\/2018\/08\/Freeband-Users-in-the-26.docx\"><\/a><br \/>\n<a href=\"https:\/\/amigo111.eu\/wp-content\/uploads\/2018\/08\/Freeband-Users-in-the-26.docx\">Freeband Users in the 26<\/a><br \/>\n<a href=\"https:\/\/amigo111.eu\/wp-content\/uploads\/2018\/08\/G3USFs-Worldwide-List-of-HF-Beacons.docx\">G3USF&#8217;s Worldwide List of HF Beacons<\/a> <a href=\"https:\/\/amigo111.eu\/wp-content\/uploads\/2018\/08\/HF-Mobil-Antenna.pdf\"><\/a><br \/>\n<a href=\"https:\/\/amigo111.eu\/wp-content\/uploads\/2018\/08\/HF-Mobil-Antenna.pdf\">HF Mobil Antenna<\/a> <a href=\"https:\/\/amigo111.eu\/wp-content\/uploads\/2018\/08\/Id-GPA_series-1.pdf\"><\/a><a href=\"https:\/\/amigo111.eu\/wp-content\/uploads\/2018\/08\/Id-GPA_series-1.pdf\"><\/a> <a href=\"https:\/\/amigo111.eu\/wp-content\/uploads\/2018\/08\/MAL\u00c1-CB-ANT\u00c9NA.pdf\"><\/a><br \/>\n<a href=\"https:\/\/amigo111.eu\/wp-content\/uploads\/2018\/08\/MAL\u00c1-CB-ANT\u00c9NA.pdf\">MAL\u00c1 CB ANT\u00c9NA<\/a> <a href=\"https:\/\/amigo111.eu\/wp-content\/uploads\/2018\/08\/MultibandfuchsEnglish.pdf\"><\/a><br \/>\n<a href=\"https:\/\/amigo111.eu\/wp-content\/uploads\/2018\/08\/MultibandfuchsEnglish.pdf\">MultibandfuchsEnglish<\/a> <a href=\"https:\/\/amigo111.eu\/wp-content\/uploads\/2018\/08\/Slovensko-cb-kmito\u010dty.docx\"><\/a><br \/>\n<a href=\"https:\/\/amigo111.eu\/wp-content\/uploads\/2018\/08\/Slovensko-cb-kmito\u010dty.docx\">Slovensko cb kmito\u010dty<\/a> <a href=\"https:\/\/amigo111.eu\/wp-content\/uploads\/2018\/08\/Some-11m-Calling.pdf\"><\/a><br \/>\n<a href=\"https:\/\/amigo111.eu\/wp-content\/uploads\/2018\/08\/Some-11m-Calling.pdf\">Some 11m Calling<\/a><br \/>\n<a href=\"https:\/\/amigo111.eu\/wp-content\/uploads\/2018\/08\/BandPlan.pdf\">BandPlan<\/a><br \/>\n<strong>\u010eal\u0161ie zauj\u00edmav\u00e9 s\u00fabory m\u00f4\u017eete n\u00e1js\u0165 <a href=\"https:\/\/static.amigo111.eu\/\" target=\"_blank\" rel=\"noopener\">tu<\/a><\/strong><\/p>\n<h5><strong>Str\u00e1nky ktor\u00e9 sa oplat\u00ed nav\u0161t\u00edvi\u0165:<\/strong><\/h5>\n<p><a href=\"https:\/\/www.crtfrance.com\/en\/\" target=\"_blank\" rel=\"noopener\">https:\/\/www.crtfrance.com\/en\/<\/a><br \/>\n<a href=\"http:\/\/www.awas.sk\/\" target=\"_blank\" rel=\"noopener\">http:\/\/www.awas.sk\/<\/a><br \/>\n<a href=\"http:\/\/ok1ike.c-a-v.com\/\" target=\"_blank\" rel=\"noopener\">http:\/\/ok1ike.c-a-v.com\/<\/a><br \/>\n<a href=\"https:\/\/www.hamshop.cz\/\" target=\"_blank\" rel=\"noopener\">https:\/\/www.hamshop.cz\/<\/a><br \/>\n<a href=\"https:\/\/www.cbone.sk\" target=\"_blank\" rel=\"noopener\">https:\/\/www.cbone.sk<\/a><br \/>\n<a href=\"http:\/\/elix.cz\/\" target=\"_blank\" rel=\"noopener\">http:\/\/elix.cz\/<\/a><br \/>\n<a href=\"http:\/\/www.wimo.com\/main_e.html\" target=\"_blank\" rel=\"noopener\">http:\/\/www.wimo.com\/main_e.html<\/a><br \/>\n<a href=\"http:\/\/www.voacap.com\/11m\/area.html\" target=\"_blank\" rel=\"noopener\">http:\/\/www.voacap.com\/11m\/area.html<\/a><br \/>\n<a href=\"https:\/\/pskreporter.info\/pskmap.html\" target=\"_blank\" rel=\"noopener\">https:\/\/pskreporter.info\/pskmap.html<\/a><br \/>\n<a href=\"https:\/\/rosmodem.wordpress.com\/\" target=\"_blank\" rel=\"noopener\">https:\/\/rosmodem.wordpress.com\/<\/a><br \/>\n<a href=\"http:\/\/www.sstv1sf072.altervista.org\/\" target=\"_blank\" rel=\"noopener\">http:\/\/www.sstv1sf072.altervista.org\/<\/a><br \/>\n<a href=\"http:\/\/www.wolphi.com\/ham-radio-apps\/droidsstv-2\/droidsstv-manual\/\" target=\"_blank\" rel=\"noopener\">DroidSSTV<\/a><br \/>\n<a href=\"https:\/\/www.teleoff.gov.sk\/vseobecne-povolenia\/\">https:\/\/www.teleoff.gov.sk\/vseobecne-povolenia\/<\/a><br \/>\n<strong><a href=\"https:\/\/static.amigo111.eu\/\" target=\"_blank\" rel=\"noopener\"><\/a><\/strong><\/p>\n","protected":false},"excerpt":{"rendered":"<p>D\u00f4le\u017eit\u00e9! Ur\u010dite pre\u010d\u00edta\u0165:\u00a0Povolenie SK \u010eal\u0161ie zauj\u00edmav\u00e9 inform\u00e1cie: WASmap_Color ham mapping 2013_itu_cq_worldmaps BandPlan 28Mhz CB Konvertor EH ant\u00e9na pre CB p\u00e1smo Freeband Users in the 26 G3USF&#8217;s Worldwide List of HF Beacons HF Mobil Antenna MAL\u00c1 CB ANT\u00c9NA MultibandfuchsEnglish Slovensko cb kmito\u010dty Some 11m Calling BandPlan \u010eal\u0161ie zauj\u00edmav\u00e9 s\u00fabory m\u00f4\u017eete n\u00e1js\u0165 [&hellip;]<\/p>\n","protected":false},"author":1,"featured_media":0,"parent":0,"menu_order":0,"comment_status":"closed","ping_status":"closed","template":"","meta":{"footnotes":""},"class_list":["post-79","page","type-page","status-publish","hentry"],"_links":{"self":[{"href":"https:\/\/amigo111.eu\/index.php\/wp-json\/wp\/v2\/pages\/79"}],"collection":[{"href":"https:\/\/amigo111.eu\/index.php\/wp-json\/wp\/v2\/pages"}],"about":[{"href":"https:\/\/amigo111.eu\/index.php\/wp-json\/wp\/v2\/types\/page"}],"author":[{"embeddable":true,"href":"https:\/\/amigo111.eu\/index.php\/wp-json\/wp\/v2\/users\/1"}],"replies":[{"embeddable":true,"href":"https:\/\/amigo111.eu\/index.php\/wp-json\/wp\/v2\/comments?post=79"}],"version-history":[{"count":21,"href":"https:\/\/amigo111.eu\/index.php\/wp-json\/wp\/v2\/pages\/79\/revisions"}],"predecessor-version":[{"id":465,"href":"https:\/\/amigo111.eu\/index.php\/wp-json\/wp\/v2\/pages\/79\/revisions\/465"}],"wp:attachment":[{"href":"https:\/\/amigo111.eu\/index.php\/wp-json\/wp\/v2\/media?parent=79"}],"curies":[{"name":"wp","href":"https:\/\/api.w.org\/{rel}","templated":true}]}}