{"id":318,"date":"2019-03-24T00:54:51","date_gmt":"2019-03-23T23:54:51","guid":{"rendered":"https:\/\/amigo111.eu\/?page_id=318"},"modified":"2019-03-24T00:54:51","modified_gmt":"2019-03-23T23:54:51","slug":"nova-bana-23-03-2019","status":"publish","type":"page","link":"https:\/\/amigo111.eu\/index.php\/album\/nova-bana-23-03-2019\/","title":{"rendered":"Nov\u00e1 Ba\u0148a &#8211; 23.03.2019"},"content":{"rendered":"<h1>Nov\u00e1 Ba\u0148a &#8211; 23.03.2019<\/h1>\n<p>[Best_Wordpress_Gallery id=&#8220;11&#8243; gal_title=&#8220;Nov\u00e1 Ba\u0148a &#8211; 23.03.2019&#8243;]<\/p>\n","protected":false},"excerpt":{"rendered":"<p>Nov\u00e1 Ba\u0148a &#8211; 23.03.2019 [Best_Wordpress_Gallery id=&#8220;11&#8243; gal_title=&#8220;Nov\u00e1 Ba\u0148a &#8211; 23.03.2019&#8243;]<\/p>\n","protected":false},"author":1,"featured_media":0,"parent":83,"menu_order":0,"comment_status":"closed","ping_status":"closed","template":"","meta":{"footnotes":""},"class_list":["post-318","page","type-page","status-publish","hentry"],"_links":{"self":[{"href":"https:\/\/amigo111.eu\/index.php\/wp-json\/wp\/v2\/pages\/318"}],"collection":[{"href":"https:\/\/amigo111.eu\/index.php\/wp-json\/wp\/v2\/pages"}],"about":[{"href":"https:\/\/amigo111.eu\/index.php\/wp-json\/wp\/v2\/types\/page"}],"author":[{"embeddable":true,"href":"https:\/\/amigo111.eu\/index.php\/wp-json\/wp\/v2\/users\/1"}],"replies":[{"embeddable":true,"href":"https:\/\/amigo111.eu\/index.php\/wp-json\/wp\/v2\/comments?post=318"}],"version-history":[{"count":1,"href":"https:\/\/amigo111.eu\/index.php\/wp-json\/wp\/v2\/pages\/318\/revisions"}],"predecessor-version":[{"id":319,"href":"https:\/\/amigo111.eu\/index.php\/wp-json\/wp\/v2\/pages\/318\/revisions\/319"}],"up":[{"embeddable":true,"href":"https:\/\/amigo111.eu\/index.php\/wp-json\/wp\/v2\/pages\/83"}],"wp:attachment":[{"href":"https:\/\/amigo111.eu\/index.php\/wp-json\/wp\/v2\/media?parent=318"}],"curies":[{"name":"wp","href":"https:\/\/api.w.org\/{rel}","templated":true}]}}